{"id":29,"date":"2018-02-12T18:35:07","date_gmt":"2018-02-12T17:35:07","guid":{"rendered":"http:\/\/www.sukow764.szdw.kielce.com.pl\/?page_id=29"},"modified":"2018-02-19T18:39:39","modified_gmt":"2018-02-19T17:39:39","slug":"kontakt","status":"publish","type":"page","link":"http:\/\/www.sukow764.szdw.kielce.com.pl\/?page_id=29","title":{"rendered":"Kontakt"},"content":{"rendered":"<p><strong>\u015awi\u0119tokrzyski Zarz\u0105d Dr\u00f3g Wojew\u00f3dzkich w Kielcach<\/strong><\/p>\n<p>ul. Jagiello\u0144ska 72<br \/>\n26-602 Kielce<br \/>\nwoj. \u015bwi\u0119tokrzyskie<\/p>\n<p>tel. (41) 347 04 71<br \/>\nfax. (410 347 04 70<\/p>\n<p>email:SZDW.Kielce@szdw.kielce.com.pl<\/p>\n","protected":false},"excerpt":{"rendered":"<p>\u015awi\u0119tokrzyski Zarz\u0105d Dr\u00f3g Wojew\u00f3dzkich w Kielcach ul. Jagiello\u0144ska 72 26-602 Kielce woj. \u015bwi\u0119tokrzyskie tel. (41) 347 04 71 fax. (410 347 04 70 email:SZDW.Kielce@szdw.kielce.com.pl<\/p>\n","protected":false},"author":2,"featured_media":0,"parent":0,"menu_order":0,"comment_status":"closed","ping_status":"closed","template":"","meta":{"footnotes":""},"class_list":["post-29","page","type-page","status-publish","hentry"],"_links":{"self":[{"href":"http:\/\/www.sukow764.szdw.kielce.com.pl\/index.php?rest_route=\/wp\/v2\/pages\/29","targetHints":{"allow":["GET"]}}],"collection":[{"href":"http:\/\/www.sukow764.szdw.kielce.com.pl\/index.php?rest_route=\/wp\/v2\/pages"}],"about":[{"href":"http:\/\/www.sukow764.szdw.kielce.com.pl\/index.php?rest_route=\/wp\/v2\/types\/page"}],"author":[{"embeddable":true,"href":"http:\/\/www.sukow764.szdw.kielce.com.pl\/index.php?rest_route=\/wp\/v2\/users\/2"}],"replies":[{"embeddable":true,"href":"http:\/\/www.sukow764.szdw.kielce.com.pl\/index.php?rest_route=%2Fwp%2Fv2%2Fcomments&post=29"}],"version-history":[{"count":2,"href":"http:\/\/www.sukow764.szdw.kielce.com.pl\/index.php?rest_route=\/wp\/v2\/pages\/29\/revisions"}],"predecessor-version":[{"id":124,"href":"http:\/\/www.sukow764.szdw.kielce.com.pl\/index.php?rest_route=\/wp\/v2\/pages\/29\/revisions\/124"}],"wp:attachment":[{"href":"http:\/\/www.sukow764.szdw.kielce.com.pl\/index.php?rest_route=%2Fwp%2Fv2%2Fmedia&parent=29"}],"curies":[{"name":"wp","href":"https:\/\/api.w.org\/{rel}","templated":true}]}}