{"id":31,"date":"2018-02-12T18:35:16","date_gmt":"2018-02-12T17:35:16","guid":{"rendered":"http:\/\/www.sukow764.szdw.kielce.com.pl\/?page_id=31"},"modified":"2018-05-31T03:56:24","modified_gmt":"2018-05-31T01:56:24","slug":"partnerzy","status":"publish","type":"page","link":"http:\/\/www.sukow764.szdw.kielce.com.pl\/?page_id=31","title":{"rendered":"Partnerzy"},"content":{"rendered":"<div class=\"wrap-inner\" data-raofz=\"14\">\n<div class=\"content-area site-content twelve pane\" data-raofz=\"14\">\n<article id=\"post-6239\" class=\"post-6239 page type-page status-publish hentry\">\n<div class=\"pf-content\" data-raofz=\"14\">\n<p style=\"text-align: center;\" data-raofz=\"14\"><a role=\"link\" href=\"http:\/\/www.polskawschodnia.gov.pl\/\" data-raofz=\"14\"><img loading=\"lazy\" decoding=\"async\" class=\"wp-image-11 alignnone aligncenter\" src=\"http:\/\/www.rozbudowadw762.pl\/rozbudowa-assets\/uploads\/2016\/08\/eu_wschodnia-300x150.jpg\" alt=\"linki_1\" width=\"150\" height=\"70\" \/><br \/>\n<\/a>Program Operacyjny Polska Wschodnia<br \/>\n<a role=\"link\" href=\"http:\/\/www.polskawschodnia.gov.pl\/\" data-raofz=\"14\">www.polskawschodnia.gov.pl<\/a><\/p>\n<p style=\"text-align: center;\" data-raofz=\"14\"><a role=\"link\" href=\"http:\/\/www.ec.europa.eu\/\" data-raofz=\"14\"><img loading=\"lazy\" decoding=\"async\" class=\"wp-image-10 alignnone\" src=\"http:\/\/www.rozbudowadw762.pl\/rozbudowa-assets\/uploads\/2016\/08\/linki_2.gif\" alt=\"linki_2\" width=\"120\" height=\"83\" \/><\/a><br \/>\nKomisja Europejska<br \/>\n<a role=\"link\" href=\"http:\/\/www.ec.europa.eu\/\" data-raofz=\"14\">www.ec.europa.eu<\/a><\/p>\n<p style=\"text-align: center;\" data-raofz=\"14\"><img loading=\"lazy\" decoding=\"async\" class=\"wp-image-359 alignnone\" src=\"http:\/\/www.rozbudowadw762.pl\/rozbudowa-assets\/uploads\/2016\/08\/ministerstwo-rozwoju-e1482493206329-300x58.jpg\" alt=\"ministerstwo-rozwoju\" width=\"180\" height=\"42\" \/><br \/>\nMinisterstwo Rozwoju<br \/>\n<a role=\"link\" href=\"http:\/\/www.mr.gov.pl\/\" data-raofz=\"14\">www.mr.gov.pl<\/a><\/p>\n<p style=\"text-align: center;\" data-raofz=\"14\"><a role=\"link\" href=\"http:\/\/www.sejmik.kielce.pl\/\" data-raofz=\"14\"><img loading=\"lazy\" decoding=\"async\" class=\"wp-image-8 alignnone\" src=\"http:\/\/www.rozbudowadw762.pl\/rozbudowa-assets\/uploads\/2016\/08\/linki_4.png\" alt=\"linki_4\" width=\"60\" height=\"73\" \/><br \/>\n<\/a>Urz\u0105d Marsza\u0142kowski Wojew\u00f3dztwa \u015awi\u0119tokrzyskiego<br \/>\n<a role=\"link\" href=\"http:\/\/www.sejmik.kielce.pl\/\" data-raofz=\"14\">www.sejmik.kielce.pl<\/a><\/p>\n<p style=\"text-align: center;\" data-raofz=\"14\"><a href=\"http:\/\/www.sukow764.szdw.kielce.com.pl\/wp-content\/uploads\/2018\/05\/nowe_logo.png\"><img loading=\"lazy\" decoding=\"async\" class=\"wp-image-272  aligncenter\" src=\"http:\/\/www.sukow764.szdw.kielce.com.pl\/wp-content\/uploads\/2018\/05\/nowe_logo-300x270.png\" alt=\"\" width=\"81\" height=\"73\" srcset=\"http:\/\/www.sukow764.szdw.kielce.com.pl\/wp-content\/uploads\/2018\/05\/nowe_logo-300x270.png 300w, http:\/\/www.sukow764.szdw.kielce.com.pl\/wp-content\/uploads\/2018\/05\/nowe_logo.png 359w\" sizes=\"auto, (max-width: 81px) 100vw, 81px\" \/><\/a>\u015awi\u0119tokrzyski Zarz\u0105d Dr\u00f3g Wojew\u00f3dzkich w\u00a0Kielcach<br \/>\n<a role=\"link\" href=\"http:\/\/www.szdw.kielce.com.pl\/\" data-raofz=\"14\">www.szdw.kielce.com.pl<\/a><\/p>\n<p style=\"text-align: center;\" data-raofz=\"14\">Mapa dotacji EU<br \/>\n<a role=\"link\" href=\"http:\/\/www.mapadotacji.gov.pl\/\" data-raofz=\"14\">www.mapadotacji.gov.pl<\/a><\/p>\n<\/div>\n<\/article>\n<\/div>\n<\/div>\n","protected":false},"excerpt":{"rendered":"<p>Program Operacyjny Polska Wschodnia www.polskawschodnia.gov.pl Komisja Europejska www.ec.europa.eu Ministerstwo Rozwoju www.mr.gov.pl Urz\u0105d Marsza\u0142kowski Wojew\u00f3dztwa \u015awi\u0119tokrzyskiego www.sejmik.kielce.pl \u015awi\u0119tokrzyski Zarz\u0105d Dr\u00f3g Wojew\u00f3dzkich w\u00a0Kielcach www.szdw.kielce.com.pl Mapa dotacji EU www.mapadotacji.gov.pl<\/p>\n","protected":false},"author":2,"featured_media":0,"parent":0,"menu_order":0,"comment_status":"closed","ping_status":"closed","template":"","meta":{"footnotes":""},"class_list":["post-31","page","type-page","status-publish","hentry"],"_links":{"self":[{"href":"http:\/\/www.sukow764.szdw.kielce.com.pl\/index.php?rest_route=\/wp\/v2\/pages\/31","targetHints":{"allow":["GET"]}}],"collection":[{"href":"http:\/\/www.sukow764.szdw.kielce.com.pl\/index.php?rest_route=\/wp\/v2\/pages"}],"about":[{"href":"http:\/\/www.sukow764.szdw.kielce.com.pl\/index.php?rest_route=\/wp\/v2\/types\/page"}],"author":[{"embeddable":true,"href":"http:\/\/www.sukow764.szdw.kielce.com.pl\/index.php?rest_route=\/wp\/v2\/users\/2"}],"replies":[{"embeddable":true,"href":"http:\/\/www.sukow764.szdw.kielce.com.pl\/index.php?rest_route=%2Fwp%2Fv2%2Fcomments&post=31"}],"version-history":[{"count":4,"href":"http:\/\/www.sukow764.szdw.kielce.com.pl\/index.php?rest_route=\/wp\/v2\/pages\/31\/revisions"}],"predecessor-version":[{"id":273,"href":"http:\/\/www.sukow764.szdw.kielce.com.pl\/index.php?rest_route=\/wp\/v2\/pages\/31\/revisions\/273"}],"wp:attachment":[{"href":"http:\/\/www.sukow764.szdw.kielce.com.pl\/index.php?rest_route=%2Fwp%2Fv2%2Fmedia&parent=31"}],"curies":[{"name":"wp","href":"https:\/\/api.w.org\/{rel}","templated":true}]}}