{"id":64,"date":"2018-02-13T17:44:04","date_gmt":"2018-02-13T16:44:04","guid":{"rendered":"http:\/\/www.sukow764.szdw.kielce.com.pl\/?page_id=64"},"modified":"2018-02-22T20:12:27","modified_gmt":"2018-02-22T19:12:27","slug":"zakres-projektu","status":"publish","type":"page","link":"http:\/\/www.sukow764.szdw.kielce.com.pl\/?page_id=64","title":{"rendered":"Zakres projektu"},"content":{"rendered":"<p>Etap I<\/p>\n<ul>\n<li>Rozbudowa odcinka drogi wojew\u00f3dzkiej nr 764 Suk\u00f3w \u2013 Daleszyce oraz obwodnic\u0119 Sukowa w km 3+742 \u00f7 9+600, klasa drogi G, droga jednojezdniowa o szeroko\u015bci jezdni ok. 7,0 m ( 2 x 3,5 m ), obustronne pobocza o szer. ok.1,25 m, pr\u0119dko\u015b\u0107 projektowa 50 km\/h ( obszar zabudowany ), 70 km\/h (poza obszarem zabudowanym ), kategoria ruchu KR-4,<\/li>\n<li>Budowa tr\u00f3jwlotowego ronda ma\u0142ego na pocz\u0105tku obwodnicy Sukowa,<\/li>\n<li>Przebudowa istniej\u0105cych skrzy\u017cowa\u0144 oraz budow\u0119 nowych skrzy\u017cowa\u0144 zwyk\u0142ych i skanalizowanych z drogami powiatowymi i gminnymi,<\/li>\n<li>Budowa dr\u00f3g dojazdowych,<\/li>\n<li>Budowa ci\u0105g\u00f3w pieszo-rowerowych i rowerowych,<\/li>\n<li>Budowa chodnik\u00f3w w obr\u0119bie skrzy\u017cowa\u0144 i przystank\u00f3w autobusowych,<\/li>\n<li>Przebudowa i budowa zjazd\u00f3w indywidualnych i publicznych,<\/li>\n<li>Budowa zatok autobusowych wraz z peronami i miejscami na wiaty,<\/li>\n<li>Rozbi\u00f3rka, przebudowa i budowa obiekt\u00f3w mostowych, W km 6+323,64 na rzece Lubrzance obiekt trzyprz\u0119s\u0142owy MD-1, wraz z regulacj\u0105 na d\u0142ugo\u015bci ok. 70 m i umocnieniem koryta rzeki, W km 8+046,74 na rzece Warkocz obiekt trzyprz\u0119s\u0142owy MD-2, wraz z prze\u0142o\u017ceniem na d\u0142ugo\u015bci ok. 50 m i umocnieniem koryta rzeki,<\/li>\n<li>Budowa i przebudowa o\u015bwietlenia drogowego,<\/li>\n<li>Przebudowa sieci energetycznych,<\/li>\n<li>Budowa uk\u0142adu kanalizacji deszczowej wraz z urz\u0105dzeniami podczyszczaj\u0105cymi i zbiornikami retencyjnoinfiltruj\u0105cymi,<\/li>\n<li>Przebudowa istniej\u0105cej infrastruktury technicznej koliduj\u0105cej z projektowanym zakresem: sie\u0107 energetyczna, sie\u0107 teletechniczna sie\u0107 sanitarna,<\/li>\n<li>Budowa parkingu,<\/li>\n<li>Budowa urz\u0105dze\u0144 bezpiecze\u0144stwa ruchu drogowego oraz wykonanie oznakowania poziomego i pionowego.<\/li>\n<\/ul>\n<p>Etap II<\/p>\n<ul>\n<li>Rozbudowa odcinka drogi wojew\u00f3dzkiej nr 764 Suk\u00f3w \u2013 Daleszyce oraz obwodnic\u0119 Sukowa w km 9+600 \u00f7 26+014, klasa drogi G, droga jednojezdniowa o szeroko\u015bci jezdni ok. 7,0 m ( 2 x 3,5 m ), obustronne pobocza o szer. ok.1,25 m, pr\u0119dko\u015b\u0107 projektowa 50 km\/h ( obszar zabudowany ), 70 km\/h (poza obszarem zabudowanym ), kategoria ruchu KR-4,<\/li>\n<li>Budowa 2 ma\u0142ych rond na pocz\u0105tku i ko\u0144cu obwodnicy Daleszyc,<\/li>\n<li>Przebudowa istniej\u0105cych skrzy\u017cowa\u0144 oraz budowa nowych skrzy\u017cowa\u0144 zwyk\u0142ych i skanalizowanych z drogami powiatowymi i gminnymi,<\/li>\n<li>Budowa dr\u00f3g dojazdowych,<\/li>\n<li>Budowa ci\u0105g\u00f3w pieszo-rowerowych i rowerowych,<\/li>\n<li>Budowa chodnik\u00f3w w obr\u0119bie skrzy\u017cowa\u0144 i przystank\u00f3w autobusowych,<\/li>\n<li>Przebudowa i budow\u0119 zjazd\u00f3w indywidualnych i publicznych,<\/li>\n<li>Budowa zatok autobusowych wraz z peronami i miejscami na wiaty,<\/li>\n<li>Przebudowa obiekt\u00f3w mostowych,<\/li>\n<li>Budowa i przebudow\u0119 o\u015bwietlenia drogowego,<\/li>\n<li>Przebudowa sieci energetycznych,<\/li>\n<li>Budowa uk\u0142adu kanalizacji deszczowej wraz z urz\u0105dzeniami podczyszczaj\u0105cymi,<\/li>\n<li>Przebudowa istniej\u0105cej infrastruktury technicznej koliduj\u0105cej z projektowanym zakresem: sie\u0107 energetyczna, sie\u0107 teletechniczna sie\u0107 sanitarna,<\/li>\n<li>Budowa urz\u0105dze\u0144 bezpiecze\u0144stwa ruchu drogowego oraz wykonanie oznakowania poziomego i pionowego.<\/li>\n<\/ul>\n","protected":false},"excerpt":{"rendered":"<p>Etap I Rozbudowa odcinka drogi wojew\u00f3dzkiej nr 764 Suk\u00f3w \u2013 Daleszyce oraz obwodnic\u0119 Sukowa w km 3+742 \u00f7 9+600, klasa drogi G, droga jednojezdniowa o szeroko\u015bci jezdni ok. 7,0 m ( 2 x 3,5 m ), obustronne pobocza o szer. ok.1,25 m, pr\u0119dko\u015b\u0107 projektowa 50 km\/h ( obszar zabudowany ), &hellip;<\/p>\n","protected":false},"author":2,"featured_media":0,"parent":0,"menu_order":0,"comment_status":"closed","ping_status":"closed","template":"","meta":{"footnotes":""},"class_list":["post-64","page","type-page","status-publish","hentry"],"_links":{"self":[{"href":"http:\/\/www.sukow764.szdw.kielce.com.pl\/index.php?rest_route=\/wp\/v2\/pages\/64","targetHints":{"allow":["GET"]}}],"collection":[{"href":"http:\/\/www.sukow764.szdw.kielce.com.pl\/index.php?rest_route=\/wp\/v2\/pages"}],"about":[{"href":"http:\/\/www.sukow764.szdw.kielce.com.pl\/index.php?rest_route=\/wp\/v2\/types\/page"}],"author":[{"embeddable":true,"href":"http:\/\/www.sukow764.szdw.kielce.com.pl\/index.php?rest_route=\/wp\/v2\/users\/2"}],"replies":[{"embeddable":true,"href":"http:\/\/www.sukow764.szdw.kielce.com.pl\/index.php?rest_route=%2Fwp%2Fv2%2Fcomments&post=64"}],"version-history":[{"count":6,"href":"http:\/\/www.sukow764.szdw.kielce.com.pl\/index.php?rest_route=\/wp\/v2\/pages\/64\/revisions"}],"predecessor-version":[{"id":147,"href":"http:\/\/www.sukow764.szdw.kielce.com.pl\/index.php?rest_route=\/wp\/v2\/pages\/64\/revisions\/147"}],"wp:attachment":[{"href":"http:\/\/www.sukow764.szdw.kielce.com.pl\/index.php?rest_route=%2Fwp%2Fv2%2Fmedia&parent=64"}],"curies":[{"name":"wp","href":"https:\/\/api.w.org\/{rel}","templated":true}]}}