{"id":73,"date":"2018-02-13T18:38:58","date_gmt":"2018-02-13T17:38:58","guid":{"rendered":"http:\/\/www.sukow764.szdw.kielce.com.pl\/?page_id=73"},"modified":"2021-02-26T11:47:55","modified_gmt":"2021-02-26T10:47:55","slug":"cele-projektu","status":"publish","type":"page","link":"http:\/\/www.sukow764.szdw.kielce.com.pl\/?page_id=73","title":{"rendered":"Cele projektu"},"content":{"rendered":"<div class=\"pf-content\" data-raofz=\"14\">\n<p data-raofz=\"14\">Projekt Rozbudowa DW 764 na odcinku: granica miasta Kielce \u2013 granica gminy Daleszyce<strong>\u00a0ma na\u00a0celu zwi\u0119kszenie dost\u0119pno\u015bci i\u00a0popraw\u0119 jako\u015bci uk\u0142adu komunikacyjnego Kieleckiego Obszaru Funkcjonalnego,<\/strong> jego powi\u0105za\u0144 z\u00a0krajowym i\u00a0mi\u0119dzynarodowym uk\u0142adem transportowym (w\u00a0tym TEN-T).<\/p>\n<p data-raofz=\"14\">Ponadto celem rozbudowy jest uzyskanie parametr\u00f3w drogi klasy G, poprzez dostosowanie konstrukcji nawierzchni do\u00a0obci\u0105\u017cenia ruchem dla kategorii ruchu KR-4 i\u00a0uzyskania no\u015bno\u015bci 115KN\/o\u015b.<\/p>\n<\/div>\n","protected":false},"excerpt":{"rendered":"<p>Projekt Rozbudowa DW 764 na odcinku: granica miasta Kielce \u2013 granica gminy Daleszyce\u00a0ma na\u00a0celu zwi\u0119kszenie dost\u0119pno\u015bci i\u00a0popraw\u0119 jako\u015bci uk\u0142adu komunikacyjnego Kieleckiego Obszaru Funkcjonalnego, jego powi\u0105za\u0144 z\u00a0krajowym i\u00a0mi\u0119dzynarodowym uk\u0142adem transportowym (w\u00a0tym TEN-T). Ponadto celem rozbudowy jest uzyskanie parametr\u00f3w drogi klasy G, poprzez dostosowanie konstrukcji nawierzchni do\u00a0obci\u0105\u017cenia ruchem dla kategorii ruchu KR-4 &hellip;<\/p>\n","protected":false},"author":2,"featured_media":0,"parent":0,"menu_order":0,"comment_status":"closed","ping_status":"closed","template":"","meta":{"footnotes":""},"class_list":["post-73","page","type-page","status-publish","hentry"],"_links":{"self":[{"href":"http:\/\/www.sukow764.szdw.kielce.com.pl\/index.php?rest_route=\/wp\/v2\/pages\/73","targetHints":{"allow":["GET"]}}],"collection":[{"href":"http:\/\/www.sukow764.szdw.kielce.com.pl\/index.php?rest_route=\/wp\/v2\/pages"}],"about":[{"href":"http:\/\/www.sukow764.szdw.kielce.com.pl\/index.php?rest_route=\/wp\/v2\/types\/page"}],"author":[{"embeddable":true,"href":"http:\/\/www.sukow764.szdw.kielce.com.pl\/index.php?rest_route=\/wp\/v2\/users\/2"}],"replies":[{"embeddable":true,"href":"http:\/\/www.sukow764.szdw.kielce.com.pl\/index.php?rest_route=%2Fwp%2Fv2%2Fcomments&post=73"}],"version-history":[{"count":5,"href":"http:\/\/www.sukow764.szdw.kielce.com.pl\/index.php?rest_route=\/wp\/v2\/pages\/73\/revisions"}],"predecessor-version":[{"id":875,"href":"http:\/\/www.sukow764.szdw.kielce.com.pl\/index.php?rest_route=\/wp\/v2\/pages\/73\/revisions\/875"}],"wp:attachment":[{"href":"http:\/\/www.sukow764.szdw.kielce.com.pl\/index.php?rest_route=%2Fwp%2Fv2%2Fmedia&parent=73"}],"curies":[{"name":"wp","href":"https:\/\/api.w.org\/{rel}","templated":true}]}}