{"id":77,"date":"2018-02-13T18:41:27","date_gmt":"2018-02-13T17:41:27","guid":{"rendered":"http:\/\/www.sukow764.szdw.kielce.com.pl\/?page_id=77"},"modified":"2021-02-26T11:19:40","modified_gmt":"2021-02-26T10:19:40","slug":"koszty","status":"publish","type":"page","link":"http:\/\/www.sukow764.szdw.kielce.com.pl\/?page_id=77","title":{"rendered":"Koszty"},"content":{"rendered":"<p>Szacunkowa ca\u0142kowita warto\u015b\u0107 Projektu: <strong>141 503 856,78 PLN (wg umowy o dofinansowanie i aneks\u00f3w) &#8211; 143 465 080,21 (po rozliczeniu ko\u0144cowym)<\/strong><br \/>\nSzacunkowa ca\u0142kowita warto\u015b\u0107 wydatk\u00f3w kwalifikowalnych: <strong>129 420 951,98 PLN (wg umowy o dofinansowanie i aneks\u00f3w) &#8211; 129 551 674,00 (po rozliczeniu ko\u0144cowym)<\/strong><br \/>\nSzacunkowa warto\u015b\u0107 dofinansowania z UE: <strong>110 007 809,18 PLN (wg umowy o dofinansowanie i aneks\u00f3w) &#8211; 110 118 922,90 (po rozliczeniu ko\u0144cowym)<\/strong><\/p>\n","protected":false},"excerpt":{"rendered":"<p>Szacunkowa ca\u0142kowita warto\u015b\u0107 Projektu: 141 503 856,78 PLN (wg umowy o dofinansowanie i aneks\u00f3w) &#8211; 143 465 080,21 (po rozliczeniu ko\u0144cowym) Szacunkowa ca\u0142kowita warto\u015b\u0107 wydatk\u00f3w kwalifikowalnych: 129 420 951,98 PLN (wg umowy o dofinansowanie i aneks\u00f3w) &#8211; 129 551 674,00 (po rozliczeniu ko\u0144cowym) Szacunkowa warto\u015b\u0107 dofinansowania z UE: 110 007 &hellip;<\/p>\n","protected":false},"author":2,"featured_media":0,"parent":0,"menu_order":0,"comment_status":"closed","ping_status":"closed","template":"","meta":{"footnotes":""},"class_list":["post-77","page","type-page","status-publish","hentry"],"_links":{"self":[{"href":"http:\/\/www.sukow764.szdw.kielce.com.pl\/index.php?rest_route=\/wp\/v2\/pages\/77","targetHints":{"allow":["GET"]}}],"collection":[{"href":"http:\/\/www.sukow764.szdw.kielce.com.pl\/index.php?rest_route=\/wp\/v2\/pages"}],"about":[{"href":"http:\/\/www.sukow764.szdw.kielce.com.pl\/index.php?rest_route=\/wp\/v2\/types\/page"}],"author":[{"embeddable":true,"href":"http:\/\/www.sukow764.szdw.kielce.com.pl\/index.php?rest_route=\/wp\/v2\/users\/2"}],"replies":[{"embeddable":true,"href":"http:\/\/www.sukow764.szdw.kielce.com.pl\/index.php?rest_route=%2Fwp%2Fv2%2Fcomments&post=77"}],"version-history":[{"count":6,"href":"http:\/\/www.sukow764.szdw.kielce.com.pl\/index.php?rest_route=\/wp\/v2\/pages\/77\/revisions"}],"predecessor-version":[{"id":873,"href":"http:\/\/www.sukow764.szdw.kielce.com.pl\/index.php?rest_route=\/wp\/v2\/pages\/77\/revisions\/873"}],"wp:attachment":[{"href":"http:\/\/www.sukow764.szdw.kielce.com.pl\/index.php?rest_route=%2Fwp%2Fv2%2Fmedia&parent=77"}],"curies":[{"name":"wp","href":"https:\/\/api.w.org\/{rel}","templated":true}]}}