{"id":81,"date":"2018-02-13T18:41:49","date_gmt":"2018-02-13T17:41:49","guid":{"rendered":"http:\/\/www.sukow764.szdw.kielce.com.pl\/?page_id=81"},"modified":"2018-02-20T20:22:21","modified_gmt":"2018-02-20T19:22:21","slug":"efekty","status":"publish","type":"page","link":"http:\/\/www.sukow764.szdw.kielce.com.pl\/?page_id=81","title":{"rendered":"Efekty"},"content":{"rendered":"<p>W\u00a0wyniku realizacji projektu nast\u0105pi <strong>zwi\u0119kszenie przepustowo\u015bci drogi wojew\u00f3dzkiej nr\u00a0 764<\/strong> oraz\u00a0usprawnienie przep\u0142ywu pojazd\u00f3w. Wp\u0142ynie to\u00a0na skr\u00f3cenie czasu podr\u00f3\u017cowania i\u00a0transportu towar\u00f3w. Poprawi si\u0119 tak\u017ce komfort jazdy oraz\u00a0poziom bezpiecze\u0144stwa uczestnik\u00f3w ruchu drogowego. Efektem projektu b\u0119dzie r\u00f3wnie\u017c ograniczenie negatywnego wp\u0142ywu transportu na\u00a0\u015brodowisko, klimat i\u00a0warunki \u017cycia mieszka\u0144c\u00f3w m.in.\u00a0poprzez redukcj\u0119 ha\u0142asu i\u00a0wibracji zwi\u0105zanych z\u00a0transportem. Nast\u0105pi\u00a0 tak\u017ce zmniejszenie koszt\u00f3w eksploatacji pojazd\u00f3w.<\/p>\n","protected":false},"excerpt":{"rendered":"<p>W\u00a0wyniku realizacji projektu nast\u0105pi zwi\u0119kszenie przepustowo\u015bci drogi wojew\u00f3dzkiej nr\u00a0 764 oraz\u00a0usprawnienie przep\u0142ywu pojazd\u00f3w. Wp\u0142ynie to\u00a0na skr\u00f3cenie czasu podr\u00f3\u017cowania i\u00a0transportu towar\u00f3w. Poprawi si\u0119 tak\u017ce komfort jazdy oraz\u00a0poziom bezpiecze\u0144stwa uczestnik\u00f3w ruchu drogowego. Efektem projektu b\u0119dzie r\u00f3wnie\u017c ograniczenie negatywnego wp\u0142ywu transportu na\u00a0\u015brodowisko, klimat i\u00a0warunki \u017cycia mieszka\u0144c\u00f3w m.in.\u00a0poprzez redukcj\u0119 ha\u0142asu i\u00a0wibracji zwi\u0105zanych z\u00a0transportem. Nast\u0105pi\u00a0 &hellip;<\/p>\n","protected":false},"author":2,"featured_media":0,"parent":0,"menu_order":0,"comment_status":"closed","ping_status":"closed","template":"","meta":{"footnotes":""},"class_list":["post-81","page","type-page","status-publish","hentry"],"_links":{"self":[{"href":"http:\/\/www.sukow764.szdw.kielce.com.pl\/index.php?rest_route=\/wp\/v2\/pages\/81","targetHints":{"allow":["GET"]}}],"collection":[{"href":"http:\/\/www.sukow764.szdw.kielce.com.pl\/index.php?rest_route=\/wp\/v2\/pages"}],"about":[{"href":"http:\/\/www.sukow764.szdw.kielce.com.pl\/index.php?rest_route=\/wp\/v2\/types\/page"}],"author":[{"embeddable":true,"href":"http:\/\/www.sukow764.szdw.kielce.com.pl\/index.php?rest_route=\/wp\/v2\/users\/2"}],"replies":[{"embeddable":true,"href":"http:\/\/www.sukow764.szdw.kielce.com.pl\/index.php?rest_route=%2Fwp%2Fv2%2Fcomments&post=81"}],"version-history":[{"count":2,"href":"http:\/\/www.sukow764.szdw.kielce.com.pl\/index.php?rest_route=\/wp\/v2\/pages\/81\/revisions"}],"predecessor-version":[{"id":139,"href":"http:\/\/www.sukow764.szdw.kielce.com.pl\/index.php?rest_route=\/wp\/v2\/pages\/81\/revisions\/139"}],"wp:attachment":[{"href":"http:\/\/www.sukow764.szdw.kielce.com.pl\/index.php?rest_route=%2Fwp%2Fv2%2Fmedia&parent=81"}],"curies":[{"name":"wp","href":"https:\/\/api.w.org\/{rel}","templated":true}]}}