{"id":86,"date":"2018-02-13T18:44:47","date_gmt":"2018-02-13T17:44:47","guid":{"rendered":"http:\/\/www.sukow764.szdw.kielce.com.pl\/?page_id=86"},"modified":"2018-02-13T18:44:47","modified_gmt":"2018-02-13T17:44:47","slug":"opis-projektu","status":"publish","type":"page","link":"http:\/\/www.sukow764.szdw.kielce.com.pl\/?page_id=86","title":{"rendered":"Opis projektu"},"content":{"rendered":"<p>Projekt Rozbudowa DW 762 na odcinku: w\u0119ze\u0142 Kielce Po\u0142udnie (S7) \u2013 granica gminy Ch\u0119ciny jest finansowany przez Uni\u0119 Europejsk\u0105, z Europejskiego Funduszu Rozwoju Regionalnego, w ramach Programu Operacyjnego Polska Wschodnia 2014-2020, o\u015b priorytetowa II: Nowoczesna Infrastruktura Transportowa, Dzia\u0142anie 2.2 \u2013 Infrastruktura drogowa. Umowa o dofinansowanie projektu (POPW.02.02.00-26-0006\/16-00) zosta\u0142a podpisana w dniu 28.02.2017 r. pomi\u0119dzy Polsk\u0105 Agencj\u0105 Rozwoju Przedsi\u0119biorczo\u015bci a Wojew\u00f3dztwem \u015awi\u0119tokrzyskim jako Beneficjentem projektu. Wysoko\u015b\u0107 dofinasowania 85 procent  wydatk\u00f3w kwalifikowalnych.<\/p>\n","protected":false},"excerpt":{"rendered":"<p>Projekt Rozbudowa DW 762 na odcinku: w\u0119ze\u0142 Kielce Po\u0142udnie (S7) \u2013 granica gminy Ch\u0119ciny jest finansowany przez Uni\u0119 Europejsk\u0105, z Europejskiego Funduszu Rozwoju Regionalnego, w ramach Programu Operacyjnego Polska Wschodnia 2014-2020, o\u015b priorytetowa II: Nowoczesna Infrastruktura Transportowa, Dzia\u0142anie 2.2 \u2013 Infrastruktura drogowa. Umowa o dofinansowanie projektu (POPW.02.02.00-26-0006\/16-00) zosta\u0142a podpisana w &hellip;<\/p>\n","protected":false},"author":2,"featured_media":0,"parent":0,"menu_order":0,"comment_status":"closed","ping_status":"closed","template":"","meta":{"footnotes":""},"class_list":["post-86","page","type-page","status-publish","hentry"],"_links":{"self":[{"href":"http:\/\/www.sukow764.szdw.kielce.com.pl\/index.php?rest_route=\/wp\/v2\/pages\/86","targetHints":{"allow":["GET"]}}],"collection":[{"href":"http:\/\/www.sukow764.szdw.kielce.com.pl\/index.php?rest_route=\/wp\/v2\/pages"}],"about":[{"href":"http:\/\/www.sukow764.szdw.kielce.com.pl\/index.php?rest_route=\/wp\/v2\/types\/page"}],"author":[{"embeddable":true,"href":"http:\/\/www.sukow764.szdw.kielce.com.pl\/index.php?rest_route=\/wp\/v2\/users\/2"}],"replies":[{"embeddable":true,"href":"http:\/\/www.sukow764.szdw.kielce.com.pl\/index.php?rest_route=%2Fwp%2Fv2%2Fcomments&post=86"}],"version-history":[{"count":1,"href":"http:\/\/www.sukow764.szdw.kielce.com.pl\/index.php?rest_route=\/wp\/v2\/pages\/86\/revisions"}],"predecessor-version":[{"id":87,"href":"http:\/\/www.sukow764.szdw.kielce.com.pl\/index.php?rest_route=\/wp\/v2\/pages\/86\/revisions\/87"}],"wp:attachment":[{"href":"http:\/\/www.sukow764.szdw.kielce.com.pl\/index.php?rest_route=%2Fwp%2Fv2%2Fmedia&parent=86"}],"curies":[{"name":"wp","href":"https:\/\/api.w.org\/{rel}","templated":true}]}}