{"id":9,"date":"2018-02-12T17:37:01","date_gmt":"2018-02-12T16:37:01","guid":{"rendered":"http:\/\/www.sukow764.szdw.kielce.com.pl\/?page_id=9"},"modified":"2018-02-22T20:01:58","modified_gmt":"2018-02-22T19:01:58","slug":"strona-glowna","status":"publish","type":"page","link":"http:\/\/www.sukow764.szdw.kielce.com.pl\/","title":{"rendered":"Strona G\u0142\u00f3wna"},"content":{"rendered":"<div id=\"pl-9\"  class=\"panel-layout\" ><div id=\"pg-9-0\"  class=\"panel-grid panel-no-style\" ><div id=\"pgc-9-0-0\"  class=\"panel-grid-cell\" ><div id=\"panel-9-0-0-0\" class=\"so-panel widget widget_text panel-first-child\" data-index=\"0\" >\t\t\t<div class=\"textwidget\"><h2>O PROJEKCIE<\/h2>\n<\/div>\n\t\t<\/div><div id=\"panel-9-0-0-1\" class=\"so-panel widget widget_text panel-last-child\" data-index=\"1\" >\t\t\t<div class=\"textwidget\"><p>Projekt &#8222;Rozbudowa DW 764 na odcinku: granica miasta Kielce-granica gminy Daleszyce wraz z budow\u0105 obwodnic m. Suk\u00f3w i Daleszyce&#8221; etap I km 3+742-9+600, etap II km 9+600-26+014 jest finansowany przez UE z Europejskiego Funduszu Rozwoju Regionalnego w ramach Programu Operacyjnego Polska Wschodnia 2014-2020, Os priorytetowa II. Nowoczesna Infrastruktura Transportowa, Dzia\u0142anie 2.2- Infrastruktura drogowa. Umowa o dofinansowanie projektu ( POPW.02.02.00-26-0001\/17-00) zosta\u0142a podpisana 15.09.2017 r przez PARP i Wojew\u00f3dztwo \u015awi\u0119tokrzyskie. Wysoko\u015b\u0107 dofinansowania 85 % koszt\u00f3w kwalifikowanych.<\/p>\n<\/div>\n\t\t<\/div><\/div><\/div><div id=\"pg-9-1\"  class=\"panel-grid panel-no-style\" ><div id=\"pgc-9-1-0\"  class=\"panel-grid-cell\" ><div id=\"panel-9-1-0-0\" class=\"so-panel widget widget_text panel-first-child\" data-index=\"2\" >\t\t\t<div class=\"textwidget\"><h2>POZNAJ SZCZEG\u00d3\u0141Y<\/h2>\n<\/div>\n\t\t<\/div><div id=\"panel-9-1-0-1\" class=\"so-panel widget widget_sow-features panel-last-child\" data-index=\"3\" ><div\n\t\t\t\n\t\t\tclass=\"so-widget-sow-features so-widget-sow-features-default-6dbdca42101a-9\"\n\t\t\t\n\t\t><ul\n\tclass=\"sow-features-list\n\tsow-features-responsive\">\n\n\t\t\t<li\n\t\t\tclass=\"sow-features-feature sow-icon-container-position-top\"\n\t\t\tstyle=\"display: flex; flex-direction: column; width: calc(20% - 25px);\"\n\t\t>\n\t\t\t\n\t\t\t\t\t\t\t<div class=\"sow-features-feature-right-left-container\" style=\"display: flex; flex-direction: inherit;\">\n\t\t\t\t\t\t\t<a\t\t\t\tclass=\"sow-icon-container sow-container-round\"\n\t\t\t\tstyle=\"color: #eaeaea; \"\n\t\t\t\ttitle=\"CELE PROJEKTU\"\n\t\t\t\t\t\t\t\t\thref=\"http:\/\/www.sukow764.szdw.kielce.com.pl\/?page_id=73\"\n\t\t\t\t\ttarget=\"_blank\" rel=\"noopener noreferrer\"\t\t\t>\n\t\t\t\t<span class=\"sow-icon-ionicons\" data-sow-icon=\"&#xf453;\"\n\t\tstyle=\"font-size: 100px; color: #1e73be\" \n\t\taria-hidden=\"true\"><\/span>\t\t\t<\/a>\n\n\t\t\t<div class=\"textwidget\">\n\t\t\t\t\t\t\t\t\t<div class=\"sow-features-feature-content\">\n\t\t\t\t\n\t\t\t\t\t\t\t\t\t<h5 class=\"sow-features-feature-title\">\n\t\t\t\t\t\t\t\t\t\t\t\t\t<a\n\t\t\t\t\t\t\t\thref=\"http:\/\/www.sukow764.szdw.kielce.com.pl\/?page_id=73\"\n\t\t\t\t\t\t\t\ttarget=\"_blank\" rel=\"noopener noreferrer\"\t\t\t\t\t\t\t>\n\t\t\t\t\t\t\tCELE PROJEKTU\t\t\t\t\t\t\t<\/a>\n\t\t\t\t\t\t\t\t\t\t\t\t<\/h5>\n\t\t\t\t\n\t\t\t\t\t\t\t\t\t<\/div>\n\t\t\t\t\t<p class=\"sow-more-text\">\n\t\t\t\t\t\t<a href=\"http:\/\/www.sukow764.szdw.kielce.com.pl\/?page_id=73\" target=\"_blank\" rel=\"noopener noreferrer\">\t\t\t\t\t\tCZYTAJ WI\u0118CEJ...\t\t\t\t\t\t<\/a>\t\t\t\t\t<\/p>\n\t\t\t\t\t\t\t<\/div>\n\t\t\t\t\t\t\t<\/div>\n\t\t\t\t\t\t\t\t<\/li>\n\n\t\t\t<li\n\t\t\tclass=\"sow-features-feature sow-icon-container-position-top\"\n\t\t\tstyle=\"display: flex; flex-direction: column; width: calc(20% - 25px);\"\n\t\t>\n\t\t\t\n\t\t\t\t\t\t\t<div class=\"sow-features-feature-right-left-container\" style=\"display: flex; flex-direction: inherit;\">\n\t\t\t\t\t\t\t<a\t\t\t\tclass=\"sow-icon-container sow-container-round\"\n\t\t\t\tstyle=\"color: #eaeaea; \"\n\t\t\t\ttitle=\"ZAKRES PROJEKTU\"\n\t\t\t\t\t\t\t\t\thref=\"http:\/\/www.sukow764.szdw.kielce.com.pl\/?page_id=64\"\n\t\t\t\t\ttarget=\"_blank\" rel=\"noopener noreferrer\"\t\t\t>\n\t\t\t\t<span class=\"sow-icon-ionicons\" data-sow-icon=\"&#xf45a;\"\n\t\tstyle=\"font-size: 100px; color: #1e73be\" \n\t\taria-hidden=\"true\"><\/span>\t\t\t<\/a>\n\n\t\t\t<div class=\"textwidget\">\n\t\t\t\t\t\t\t\t\t<div class=\"sow-features-feature-content\">\n\t\t\t\t\n\t\t\t\t\t\t\t\t\t<h5 class=\"sow-features-feature-title\">\n\t\t\t\t\t\t\t\t\t\t\t\t\t<a\n\t\t\t\t\t\t\t\thref=\"http:\/\/www.sukow764.szdw.kielce.com.pl\/?page_id=64\"\n\t\t\t\t\t\t\t\ttarget=\"_blank\" rel=\"noopener noreferrer\"\t\t\t\t\t\t\t>\n\t\t\t\t\t\t\tZAKRES PROJEKTU\t\t\t\t\t\t\t<\/a>\n\t\t\t\t\t\t\t\t\t\t\t\t<\/h5>\n\t\t\t\t\n\t\t\t\t\t\t\t\t\t<\/div>\n\t\t\t\t\t<p class=\"sow-more-text\">\n\t\t\t\t\t\t<a href=\"http:\/\/www.sukow764.szdw.kielce.com.pl\/?page_id=64\" target=\"_blank\" rel=\"noopener noreferrer\">\t\t\t\t\t\tCZYTAJ WI\u0118CEJ...\t\t\t\t\t\t<\/a>\t\t\t\t\t<\/p>\n\t\t\t\t\t\t\t<\/div>\n\t\t\t\t\t\t\t<\/div>\n\t\t\t\t\t\t\t\t<\/li>\n\n\t\t\t<li\n\t\t\tclass=\"sow-features-feature sow-icon-container-position-top\"\n\t\t\tstyle=\"display: flex; flex-direction: column; width: calc(20% - 25px);\"\n\t\t>\n\t\t\t\n\t\t\t\t\t\t\t<div class=\"sow-features-feature-right-left-container\" style=\"display: flex; flex-direction: inherit;\">\n\t\t\t\t\t\t\t<a\t\t\t\tclass=\"sow-icon-container sow-container-round\"\n\t\t\t\tstyle=\"color: #eaeaea; \"\n\t\t\t\ttitle=\"LOKALIZACJA\"\n\t\t\t\t\t\t\t\t\thref=\"http:\/\/www.sukow764.szdw.kielce.com.pl\/?page_id=75\"\n\t\t\t\t\ttarget=\"_blank\" rel=\"noopener noreferrer\"\t\t\t>\n\t\t\t\t<span class=\"sow-icon-ionicons\" data-sow-icon=\"&#xf455;\"\n\t\tstyle=\"font-size: 100px; color: #1e73be\" \n\t\taria-hidden=\"true\"><\/span>\t\t\t<\/a>\n\n\t\t\t<div class=\"textwidget\">\n\t\t\t\t\t\t\t\t\t<div class=\"sow-features-feature-content\">\n\t\t\t\t\n\t\t\t\t\t\t\t\t\t<h5 class=\"sow-features-feature-title\">\n\t\t\t\t\t\t\t\t\t\t\t\t\t<a\n\t\t\t\t\t\t\t\thref=\"http:\/\/www.sukow764.szdw.kielce.com.pl\/?page_id=75\"\n\t\t\t\t\t\t\t\ttarget=\"_blank\" rel=\"noopener noreferrer\"\t\t\t\t\t\t\t>\n\t\t\t\t\t\t\tLOKALIZACJA\t\t\t\t\t\t\t<\/a>\n\t\t\t\t\t\t\t\t\t\t\t\t<\/h5>\n\t\t\t\t\n\t\t\t\t\t\t\t\t\t<\/div>\n\t\t\t\t\t<p class=\"sow-more-text\">\n\t\t\t\t\t\t<a href=\"http:\/\/www.sukow764.szdw.kielce.com.pl\/?page_id=75\" target=\"_blank\" rel=\"noopener noreferrer\">\t\t\t\t\t\tCZYTAJ WI\u0118CEJ...\t\t\t\t\t\t<\/a>\t\t\t\t\t<\/p>\n\t\t\t\t\t\t\t<\/div>\n\t\t\t\t\t\t\t<\/div>\n\t\t\t\t\t\t\t\t<\/li>\n\n\t\t\t<li\n\t\t\tclass=\"sow-features-feature sow-icon-container-position-top\"\n\t\t\tstyle=\"display: flex; flex-direction: column; width: calc(20% - 25px);\"\n\t\t>\n\t\t\t\n\t\t\t\t\t\t\t<div class=\"sow-features-feature-right-left-container\" style=\"display: flex; flex-direction: inherit;\">\n\t\t\t\t\t\t\t<a\t\t\t\tclass=\"sow-icon-container sow-container-round\"\n\t\t\t\tstyle=\"color: #eaeaea; \"\n\t\t\t\ttitle=\"EFEKTY\"\n\t\t\t\t\t\t\t\t\thref=\"http:\/\/www.sukow764.szdw.kielce.com.pl\/?page_id=81\"\n\t\t\t\t\ttarget=\"_blank\" rel=\"noopener noreferrer\"\t\t\t>\n\t\t\t\t<span class=\"sow-icon-ionicons\" data-sow-icon=\"&#xf415;\"\n\t\tstyle=\"font-size: 100px; color: #1e73be\" \n\t\taria-hidden=\"true\"><\/span>\t\t\t<\/a>\n\n\t\t\t<div class=\"textwidget\">\n\t\t\t\t\t\t\t\t\t<div class=\"sow-features-feature-content\">\n\t\t\t\t\n\t\t\t\t\t\t\t\t\t<h5 class=\"sow-features-feature-title\">\n\t\t\t\t\t\t\t\t\t\t\t\t\t<a\n\t\t\t\t\t\t\t\thref=\"http:\/\/www.sukow764.szdw.kielce.com.pl\/?page_id=81\"\n\t\t\t\t\t\t\t\ttarget=\"_blank\" rel=\"noopener noreferrer\"\t\t\t\t\t\t\t>\n\t\t\t\t\t\t\tEFEKTY\t\t\t\t\t\t\t<\/a>\n\t\t\t\t\t\t\t\t\t\t\t\t<\/h5>\n\t\t\t\t\n\t\t\t\t\t\t\t\t\t<\/div>\n\t\t\t\t\t<p class=\"sow-more-text\">\n\t\t\t\t\t\t<a href=\"http:\/\/www.sukow764.szdw.kielce.com.pl\/?page_id=81\" target=\"_blank\" rel=\"noopener noreferrer\">\t\t\t\t\t\tCZYTAJ WI\u0118CEJ...\t\t\t\t\t\t<\/a>\t\t\t\t\t<\/p>\n\t\t\t\t\t\t\t<\/div>\n\t\t\t\t\t\t\t<\/div>\n\t\t\t\t\t\t\t\t<\/li>\n\n\t\t\t<li\n\t\t\tclass=\"sow-features-feature sow-icon-container-position-top\"\n\t\t\tstyle=\"display: flex; flex-direction: column; width: calc(20% - 25px);\"\n\t\t>\n\t\t\t\n\t\t\t\t\t\t\t<div class=\"sow-features-feature-right-left-container\" style=\"display: flex; flex-direction: inherit;\">\n\t\t\t\t\t\t\t<a\t\t\t\tclass=\"sow-icon-container sow-container-round\"\n\t\t\t\tstyle=\"color: #eaeaea; \"\n\t\t\t\ttitle=\"KOSZTY\"\n\t\t\t\t\t\t\t\t\thref=\"http:\/\/www.sukow764.szdw.kielce.com.pl\/?page_id=77\"\n\t\t\t\t\ttarget=\"_blank\" rel=\"noopener noreferrer\"\t\t\t>\n\t\t\t\t<span class=\"sow-icon-elegantline\" data-sow-icon=\"&#xe027;\"\n\t\tstyle=\"font-size: 100px; color: #1e73be\" \n\t\taria-hidden=\"true\"><\/span>\t\t\t<\/a>\n\n\t\t\t<div class=\"textwidget\">\n\t\t\t\t\t\t\t\t\t<div class=\"sow-features-feature-content\">\n\t\t\t\t\n\t\t\t\t\t\t\t\t\t<h5 class=\"sow-features-feature-title\">\n\t\t\t\t\t\t\t\t\t\t\t\t\t<a\n\t\t\t\t\t\t\t\thref=\"http:\/\/www.sukow764.szdw.kielce.com.pl\/?page_id=77\"\n\t\t\t\t\t\t\t\ttarget=\"_blank\" rel=\"noopener noreferrer\"\t\t\t\t\t\t\t>\n\t\t\t\t\t\t\tKOSZTY\t\t\t\t\t\t\t<\/a>\n\t\t\t\t\t\t\t\t\t\t\t\t<\/h5>\n\t\t\t\t\n\t\t\t\t\t\t\t\t\t<\/div>\n\t\t\t\t\t<p class=\"sow-more-text\">\n\t\t\t\t\t\t<a href=\"http:\/\/www.sukow764.szdw.kielce.com.pl\/?page_id=77\" target=\"_blank\" rel=\"noopener noreferrer\">\t\t\t\t\t\tCZYTAJ WI\u0118CEJ...\t\t\t\t\t\t<\/a>\t\t\t\t\t<\/p>\n\t\t\t\t\t\t\t<\/div>\n\t\t\t\t\t\t\t<\/div>\n\t\t\t\t\t\t\t\t<\/li>\n\n\t<\/ul>\n<\/div><\/div><\/div><\/div><\/div>","protected":false},"excerpt":{"rendered":"<p>O PROJEKCIE Projekt &#8222;Rozbudowa DW 764 na odcinku: granica miasta Kielce-granica gminy Daleszyce wraz z budow\u0105 obwodnic m. Suk\u00f3w i Daleszyce&#8221; etap I km 3+742-9+600, etap II km 9+600-26+014 jest finansowany przez UE z Europejskiego Funduszu Rozwoju Regionalnego w ramach Programu Operacyjnego Polska Wschodnia 2014-2020, Os priorytetowa II. Nowoczesna Infrastruktura &hellip;<\/p>\n","protected":false},"author":2,"featured_media":0,"parent":0,"menu_order":0,"comment_status":"closed","ping_status":"closed","template":"","meta":{"footnotes":""},"class_list":["post-9","page","type-page","status-publish","hentry"],"_links":{"self":[{"href":"http:\/\/www.sukow764.szdw.kielce.com.pl\/index.php?rest_route=\/wp\/v2\/pages\/9","targetHints":{"allow":["GET"]}}],"collection":[{"href":"http:\/\/www.sukow764.szdw.kielce.com.pl\/index.php?rest_route=\/wp\/v2\/pages"}],"about":[{"href":"http:\/\/www.sukow764.szdw.kielce.com.pl\/index.php?rest_route=\/wp\/v2\/types\/page"}],"author":[{"embeddable":true,"href":"http:\/\/www.sukow764.szdw.kielce.com.pl\/index.php?rest_route=\/wp\/v2\/users\/2"}],"replies":[{"embeddable":true,"href":"http:\/\/www.sukow764.szdw.kielce.com.pl\/index.php?rest_route=%2Fwp%2Fv2%2Fcomments&post=9"}],"version-history":[{"count":22,"href":"http:\/\/www.sukow764.szdw.kielce.com.pl\/index.php?rest_route=\/wp\/v2\/pages\/9\/revisions"}],"predecessor-version":[{"id":146,"href":"http:\/\/www.sukow764.szdw.kielce.com.pl\/index.php?rest_route=\/wp\/v2\/pages\/9\/revisions\/146"}],"wp:attachment":[{"href":"http:\/\/www.sukow764.szdw.kielce.com.pl\/index.php?rest_route=%2Fwp%2Fv2%2Fmedia&parent=9"}],"curies":[{"name":"wp","href":"https:\/\/api.w.org\/{rel}","templated":true}]}}